{"id":2,"date":"2024-05-20T15:01:14","date_gmt":"2024-05-20T15:01:14","guid":{"rendered":"https:\/\/salaberriaerruberak.rkinformatika.online\/?page_id=2"},"modified":"2024-05-29T10:56:41","modified_gmt":"2024-05-29T10:56:41","slug":"inicio","status":"publish","type":"page","link":"https:\/\/salaberriaerruberak.com\/eu\/","title":{"rendered":"Hasiera"},"content":{"rendered":"<div data-elementor-type=\"wp-page\" data-elementor-id=\"2\" class=\"elementor elementor-2\" data-elementor-post-type=\"page\">\n\t\t\t\t\t\t<section class=\"elementor-section elementor-top-section elementor-element elementor-element-7f1f48f elementor-section-boxed elementor-section-height-default elementor-section-height-default\" data-id=\"7f1f48f\" data-element_type=\"section\" data-e-type=\"section\" data-settings=\"{&quot;background_background&quot;:&quot;classic&quot;}\">\n\t\t\t\t\t\t\t<div class=\"elementor-background-overlay\"><\/div>\n\t\t\t\t\t\t\t<div class=\"elementor-container elementor-column-gap-default\">\n\t\t\t\t\t<div class=\"elementor-column elementor-col-100 elementor-top-column elementor-element elementor-element-a6f498f\" data-id=\"a6f498f\" data-element_type=\"column\" data-e-type=\"column\">\n\t\t\t<div class=\"elementor-widget-wrap\">\n\t\t\t\t\t\t\t<\/div>\n\t\t<\/div>\n\t\t\t\t\t<\/div>\n\t\t<\/section>\n\t\t<div class=\"elementor-element elementor-element-1d7c4fc e-flex e-con-boxed e-con e-parent\" data-id=\"1d7c4fc\" data-element_type=\"container\" data-e-type=\"container\">\n\t\t\t\t\t<div class=\"e-con-inner\">\n\t\t\t\t<div class=\"elementor-element elementor-element-2692306 elementor-widget elementor-widget-heading\" data-id=\"2692306\" data-element_type=\"widget\" data-e-type=\"widget\" data-widget_type=\"heading.default\">\n\t\t\t\t<div class=\"elementor-widget-container\">\n\t\t\t\t\t<h2 class=\"elementor-heading-title elementor-size-default\">GURI BURUZ<\/h2>\t\t\t\t<\/div>\n\t\t\t\t<\/div>\n\t\t\t\t\t<\/div>\n\t\t\t\t<\/div>\n\t\t<div class=\"elementor-element elementor-element-e247917 e-flex e-con-boxed e-con e-parent\" data-id=\"e247917\" data-element_type=\"container\" data-e-type=\"container\">\n\t\t\t\t\t<div class=\"e-con-inner\">\n\t\t<div class=\"elementor-element elementor-element-6f133ed e-con-full e-flex e-con e-child\" data-id=\"6f133ed\" data-element_type=\"container\" data-e-type=\"container\">\n\t\t\t\t<div class=\"elementor-element elementor-element-e1d39ab elementor-widget elementor-widget-text-editor\" data-id=\"e1d39ab\" data-element_type=\"widget\" data-e-type=\"widget\" data-widget_type=\"text-editor.default\">\n\t\t\t\t<div class=\"elementor-widget-container\">\n\t\t\t\t\t\t\t\t\t<p>Neumatikoen eta mekanika azkarraren sektorean 20 urte baino gehiago daramatzagu, eta konpromiso eta dedikazio berari eutsi diogu lehen egunetik. Gure historiaren ezaugarri nagusia etengabeko bilakaera eta teknologia berrietara eta merkatuaren beharretara egokitzea da, betiere gure bezeroei kalitatezko eta konfiantzazko zerbitzua eskaintzeko helburuarekin. Bi hamarkada hauetan, gure taldearen profesionaltasunari eta gugan konfiantza dutenen gogobetetzeari esker sendotu dugu gure ospea.<\/p>\t\t\t\t\t\t\t\t<\/div>\n\t\t\t\t<\/div>\n\t\t\t\t<\/div>\n\t\t<div class=\"elementor-element elementor-element-e534227 e-con-full e-flex e-con e-child\" data-id=\"e534227\" data-element_type=\"container\" data-e-type=\"container\">\n\t\t\t\t<div class=\"elementor-element elementor-element-db76551 elementor-widget elementor-widget-image\" data-id=\"db76551\" data-element_type=\"widget\" data-e-type=\"widget\" data-widget_type=\"image.default\">\n\t\t\t\t<div class=\"elementor-widget-container\">\n\t\t\t\t\t\t\t\t\t\t\t\t\t\t\t<img fetchpriority=\"high\" decoding=\"async\" width=\"2048\" height=\"1536\" src=\"https:\/\/salaberriaerruberak.com\/wp-content\/uploads\/2024\/05\/412780_212122135567386_168301595_o.jpg\" class=\"attachment-full size-full wp-image-468\" alt=\"\" srcset=\"https:\/\/salaberriaerruberak.com\/wp-content\/uploads\/2024\/05\/412780_212122135567386_168301595_o.jpg 2048w, https:\/\/salaberriaerruberak.com\/wp-content\/uploads\/2024\/05\/412780_212122135567386_168301595_o-300x225.jpg 300w, https:\/\/salaberriaerruberak.com\/wp-content\/uploads\/2024\/05\/412780_212122135567386_168301595_o-1024x768.jpg 1024w, https:\/\/salaberriaerruberak.com\/wp-content\/uploads\/2024\/05\/412780_212122135567386_168301595_o-768x576.jpg 768w, https:\/\/salaberriaerruberak.com\/wp-content\/uploads\/2024\/05\/412780_212122135567386_168301595_o-1536x1152.jpg 1536w\" sizes=\"(max-width: 2048px) 100vw, 2048px\" \/>\t\t\t\t\t\t\t\t\t\t\t\t\t\t\t<\/div>\n\t\t\t\t<\/div>\n\t\t\t\t<\/div>\n\t\t\t\t\t<\/div>\n\t\t\t\t<\/div>\n\t\t\t\t<section class=\"elementor-section elementor-top-section elementor-element elementor-element-6f297ae elementor-section-boxed elementor-section-height-default elementor-section-height-default\" data-id=\"6f297ae\" data-element_type=\"section\" data-e-type=\"section\" data-settings=\"{&quot;background_background&quot;:&quot;classic&quot;}\">\n\t\t\t\t\t\t\t<div class=\"elementor-background-overlay\"><\/div>\n\t\t\t\t\t\t\t<div class=\"elementor-container elementor-column-gap-no\">\n\t\t\t\t\t<div class=\"elementor-column elementor-col-100 elementor-top-column elementor-element elementor-element-2719f21\" data-id=\"2719f21\" data-element_type=\"column\" data-e-type=\"column\">\n\t\t\t<div class=\"elementor-widget-wrap elementor-element-populated\">\n\t\t\t\t\t\t<section class=\"elementor-section elementor-inner-section elementor-element elementor-element-bb3965e elementor-section-content-bottom elementor-section-boxed elementor-section-height-default elementor-section-height-default elementor-invisible\" data-id=\"bb3965e\" data-element_type=\"section\" data-e-type=\"section\" data-settings=\"{&quot;animation&quot;:&quot;fadeInUp&quot;}\">\n\t\t\t\t\t\t<div class=\"elementor-container elementor-column-gap-no\">\n\t\t\t\t\t<div class=\"elementor-column elementor-col-100 elementor-inner-column elementor-element elementor-element-e4a1e6f\" data-id=\"e4a1e6f\" data-element_type=\"column\" data-e-type=\"column\">\n\t\t\t<div class=\"elementor-widget-wrap elementor-element-populated\">\n\t\t\t\t\t\t<div class=\"elementor-element elementor-element-f18f66b elementor-widget__width-initial elementor-widget elementor-widget-eael-fancy-text\" data-id=\"f18f66b\" data-element_type=\"widget\" data-e-type=\"widget\" data-widget_type=\"eael-fancy-text.default\">\n\t\t\t\t<div class=\"elementor-widget-container\">\n\t\t\t\t\t\n\t<div  class=\"eael-fancy-text-container style-1\" data-fancy-text-id=\"f18f66b\" data-fancy-text=\"|Neum\u00e1ticos|Mec\u00e1nica|Bater\u00edas|Frenos|Amortiguadores|Alineaci\u00f3n|Revisiones|Aire acondicionado|Pre-ITV\" data-fancy-text-transition-type=\"typing\" data-fancy-text-speed=\"50\" data-fancy-text-delay=\"2000\" data-fancy-text-cursor=\"yes\" data-fancy-text-loop=\"yes\" data-fancy-text-action=\"page_load\" >\n\t\t\t\t\t<span class=\"eael-fancy-text-prefix\">EZAGUTU GURE ZERBITZUAK: <\/span>\n\t\t\n\t\t\n\t\t\t\t\t<span id=\"eael-fancy-text-f18f66b\" class=\"eael-fancy-text-strings solid-color\">\n\t\t\t\t<noscript>\n\t\t\t\t\tNeum\u00e1ticos, Mec\u00e1nica, Bater\u00edas, Frenos, Amortiguadores, Alineaci\u00f3n, Revisiones, Aire acondicionado, Pre-ITV\t\t\t\t<\/noscript>\n\t\t\t<\/span>\n\t\t\n\t\t\t<\/div><!-- close .eael-fancy-text-container -->\n\n\t<div class=\"clearfix\"><\/div>\n\n\t\t\t\t\t<\/div>\n\t\t\t\t<\/div>\n\t\t\t\t<div class=\"elementor-element elementor-element-6740a4f elementor-widget__width-initial elementor-align-center elementor-widget elementor-widget-button\" data-id=\"6740a4f\" data-element_type=\"widget\" data-e-type=\"widget\" data-widget_type=\"button.default\">\n\t\t\t\t<div class=\"elementor-widget-container\">\n\t\t\t\t\t\t\t\t\t<div class=\"elementor-button-wrapper\">\n\t\t\t\t\t<a class=\"elementor-button elementor-button-link elementor-size-sm\" href=\"https:\/\/salaberriaerruberak.com\/eu\/servicios\/\">\n\t\t\t\t\t\t<span class=\"elementor-button-content-wrapper\">\n\t\t\t\t\t\t\t\t\t<span class=\"elementor-button-text\">Zerbitzuak ikusi<\/span>\n\t\t\t\t\t<\/span>\n\t\t\t\t\t<\/a>\n\t\t\t\t<\/div>\n\t\t\t\t\t\t\t\t<\/div>\n\t\t\t\t<\/div>\n\t\t\t\t\t<\/div>\n\t\t<\/div>\n\t\t\t\t\t<\/div>\n\t\t<\/section>\n\t\t\t\t\t<\/div>\n\t\t<\/div>\n\t\t\t\t\t<\/div>\n\t\t<\/section>\n\t\t\t\t<\/div>","protected":false},"excerpt":{"rendered":"<p>SOBRE NOSOTROS Con m\u00e1s de 20 a\u00f1os en el sector de neum\u00e1ticos y mec\u00e1nica r\u00e1pida, hemos mantenido el mismo compromiso y dedicaci\u00f3n desde el primer d\u00eda. Nuestra historia se caracteriza por la evoluci\u00f3n constante y la adaptaci\u00f3n a nuevas tecnolog\u00edas y necesidades del mercado, siempre con el objetivo de ofrecer un servicio de calidad y [&hellip;]<\/p>\n","protected":false},"author":1,"featured_media":0,"parent":0,"menu_order":0,"comment_status":"closed","ping_status":"closed","template":"elementor_canvas","meta":{"footnotes":""},"class_list":["post-2","page","type-page","status-publish","hentry"],"yoast_head":"<!-- This site is optimized with the Yoast SEO plugin v27.4 - https:\/\/yoast.com\/product\/yoast-seo-wordpress\/ -->\n<title>Inicio - Salaberria Erruberak S.L.L.<\/title>\n<meta name=\"robots\" content=\"index, follow, max-snippet:-1, max-image-preview:large, max-video-preview:-1\" \/>\n<link rel=\"canonical\" href=\"https:\/\/salaberriaerruberak.com\/eu\/\" \/>\n<meta property=\"og:locale\" content=\"en_US\" \/>\n<meta property=\"og:type\" content=\"article\" \/>\n<meta property=\"og:title\" content=\"Inicio - Salaberria Erruberak S.L.L.\" \/>\n<meta property=\"og:description\" content=\"SOBRE NOSOTROS Con m\u00e1s de 20 a\u00f1os en el sector de neum\u00e1ticos y mec\u00e1nica r\u00e1pida, hemos mantenido el mismo compromiso y dedicaci\u00f3n desde el primer d\u00eda. Nuestra historia se caracteriza por la evoluci\u00f3n constante y la adaptaci\u00f3n a nuevas tecnolog\u00edas y necesidades del mercado, siempre con el objetivo de ofrecer un servicio de calidad y [&hellip;]\" \/>\n<meta property=\"og:url\" content=\"https:\/\/salaberriaerruberak.com\/eu\/\" \/>\n<meta property=\"og:site_name\" content=\"Salaberria Erruberak S.L.L.\" \/>\n<meta property=\"article:modified_time\" content=\"2024-05-29T10:56:41+00:00\" \/>\n<meta property=\"og:image\" content=\"https:\/\/salaberriaerruberak.com\/wp-content\/uploads\/2024\/05\/412780_212122135567386_168301595_o.jpg\" \/>\n<meta name=\"twitter:card\" content=\"summary_large_image\" \/>\n<meta name=\"twitter:label1\" content=\"Est. reading time\" \/>\n\t<meta name=\"twitter:data1\" content=\"1 minutua\" \/>\n<script type=\"application\/ld+json\" class=\"yoast-schema-graph\">{\"@context\":\"https:\\\/\\\/schema.org\",\"@graph\":[{\"@type\":\"WebPage\",\"@id\":\"https:\\\/\\\/salaberriaerruberak.com\\\/\",\"url\":\"https:\\\/\\\/salaberriaerruberak.com\\\/\",\"name\":\"Inicio - Salaberria Erruberak S.L.L.\",\"isPartOf\":{\"@id\":\"https:\\\/\\\/salaberriaerruberak.com\\\/#website\"},\"primaryImageOfPage\":{\"@id\":\"https:\\\/\\\/salaberriaerruberak.com\\\/#primaryimage\"},\"image\":{\"@id\":\"https:\\\/\\\/salaberriaerruberak.com\\\/#primaryimage\"},\"thumbnailUrl\":\"https:\\\/\\\/salaberriaerruberak.com\\\/wp-content\\\/uploads\\\/2024\\\/05\\\/412780_212122135567386_168301595_o.jpg\",\"datePublished\":\"2024-05-20T15:01:14+00:00\",\"dateModified\":\"2024-05-29T10:56:41+00:00\",\"breadcrumb\":{\"@id\":\"https:\\\/\\\/salaberriaerruberak.com\\\/#breadcrumb\"},\"inLanguage\":\"eu\",\"potentialAction\":[{\"@type\":\"ReadAction\",\"target\":[\"https:\\\/\\\/salaberriaerruberak.com\\\/\"]}]},{\"@type\":\"ImageObject\",\"inLanguage\":\"eu\",\"@id\":\"https:\\\/\\\/salaberriaerruberak.com\\\/#primaryimage\",\"url\":\"https:\\\/\\\/salaberriaerruberak.com\\\/wp-content\\\/uploads\\\/2024\\\/05\\\/412780_212122135567386_168301595_o.jpg\",\"contentUrl\":\"https:\\\/\\\/salaberriaerruberak.com\\\/wp-content\\\/uploads\\\/2024\\\/05\\\/412780_212122135567386_168301595_o.jpg\"},{\"@type\":\"BreadcrumbList\",\"@id\":\"https:\\\/\\\/salaberriaerruberak.com\\\/#breadcrumb\",\"itemListElement\":[{\"@type\":\"ListItem\",\"position\":1,\"name\":\"Portada\",\"item\":\"https:\\\/\\\/salaberriaerruberak.com\\\/\"},{\"@type\":\"ListItem\",\"position\":2,\"name\":\"Inicio\"}]},{\"@type\":\"WebSite\",\"@id\":\"https:\\\/\\\/salaberriaerruberak.com\\\/#website\",\"url\":\"https:\\\/\\\/salaberriaerruberak.com\\\/\",\"name\":\"Salaberria Erruberak S.L.L.\",\"description\":\"Neum\u00e1ticos y mec\u00e1nica r\u00e1pida\",\"publisher\":{\"@id\":\"https:\\\/\\\/salaberriaerruberak.com\\\/#organization\"},\"potentialAction\":[{\"@type\":\"SearchAction\",\"target\":{\"@type\":\"EntryPoint\",\"urlTemplate\":\"https:\\\/\\\/salaberriaerruberak.com\\\/?s={search_term_string}\"},\"query-input\":{\"@type\":\"PropertyValueSpecification\",\"valueRequired\":true,\"valueName\":\"search_term_string\"}}],\"inLanguage\":\"eu\"},{\"@type\":\"Organization\",\"@id\":\"https:\\\/\\\/salaberriaerruberak.com\\\/#organization\",\"name\":\"Salaberria Erruberak S.L.L.\",\"url\":\"https:\\\/\\\/salaberriaerruberak.com\\\/\",\"logo\":{\"@type\":\"ImageObject\",\"inLanguage\":\"eu\",\"@id\":\"https:\\\/\\\/salaberriaerruberak.com\\\/#\\\/schema\\\/logo\\\/image\\\/\",\"url\":\"https:\\\/\\\/salaberriaerruberak.com\\\/wp-content\\\/uploads\\\/2024\\\/05\\\/cropped-299986860_375752904731650_8958695722420010500_n.jpg\",\"contentUrl\":\"https:\\\/\\\/salaberriaerruberak.com\\\/wp-content\\\/uploads\\\/2024\\\/05\\\/cropped-299986860_375752904731650_8958695722420010500_n.jpg\",\"width\":595,\"height\":595,\"caption\":\"Salaberria Erruberak S.L.L.\"},\"image\":{\"@id\":\"https:\\\/\\\/salaberriaerruberak.com\\\/#\\\/schema\\\/logo\\\/image\\\/\"}}]}<\/script>\n<!-- \/ Yoast SEO plugin. -->","yoast_head_json":{"title":"Inicio - Salaberria Erruberak S.L.L.","robots":{"index":"index","follow":"follow","max-snippet":"max-snippet:-1","max-image-preview":"max-image-preview:large","max-video-preview":"max-video-preview:-1"},"canonical":"https:\/\/salaberriaerruberak.com\/eu\/","og_locale":"en_US","og_type":"article","og_title":"Inicio - Salaberria Erruberak S.L.L.","og_description":"SOBRE NOSOTROS Con m\u00e1s de 20 a\u00f1os en el sector de neum\u00e1ticos y mec\u00e1nica r\u00e1pida, hemos mantenido el mismo compromiso y dedicaci\u00f3n desde el primer d\u00eda. Nuestra historia se caracteriza por la evoluci\u00f3n constante y la adaptaci\u00f3n a nuevas tecnolog\u00edas y necesidades del mercado, siempre con el objetivo de ofrecer un servicio de calidad y [&hellip;]","og_url":"https:\/\/salaberriaerruberak.com\/eu\/","og_site_name":"Salaberria Erruberak S.L.L.","article_modified_time":"2024-05-29T10:56:41+00:00","og_image":[{"url":"https:\/\/salaberriaerruberak.com\/wp-content\/uploads\/2024\/05\/412780_212122135567386_168301595_o.jpg","type":"","width":"","height":""}],"twitter_card":"summary_large_image","twitter_misc":{"Est. reading time":"1 minutua"},"schema":{"@context":"https:\/\/schema.org","@graph":[{"@type":"WebPage","@id":"https:\/\/salaberriaerruberak.com\/","url":"https:\/\/salaberriaerruberak.com\/","name":"Inicio - Salaberria Erruberak S.L.L.","isPartOf":{"@id":"https:\/\/salaberriaerruberak.com\/#website"},"primaryImageOfPage":{"@id":"https:\/\/salaberriaerruberak.com\/#primaryimage"},"image":{"@id":"https:\/\/salaberriaerruberak.com\/#primaryimage"},"thumbnailUrl":"https:\/\/salaberriaerruberak.com\/wp-content\/uploads\/2024\/05\/412780_212122135567386_168301595_o.jpg","datePublished":"2024-05-20T15:01:14+00:00","dateModified":"2024-05-29T10:56:41+00:00","breadcrumb":{"@id":"https:\/\/salaberriaerruberak.com\/#breadcrumb"},"inLanguage":"eu","potentialAction":[{"@type":"ReadAction","target":["https:\/\/salaberriaerruberak.com\/"]}]},{"@type":"ImageObject","inLanguage":"eu","@id":"https:\/\/salaberriaerruberak.com\/#primaryimage","url":"https:\/\/salaberriaerruberak.com\/wp-content\/uploads\/2024\/05\/412780_212122135567386_168301595_o.jpg","contentUrl":"https:\/\/salaberriaerruberak.com\/wp-content\/uploads\/2024\/05\/412780_212122135567386_168301595_o.jpg"},{"@type":"BreadcrumbList","@id":"https:\/\/salaberriaerruberak.com\/#breadcrumb","itemListElement":[{"@type":"ListItem","position":1,"name":"Portada","item":"https:\/\/salaberriaerruberak.com\/"},{"@type":"ListItem","position":2,"name":"Inicio"}]},{"@type":"WebSite","@id":"https:\/\/salaberriaerruberak.com\/#website","url":"https:\/\/salaberriaerruberak.com\/","name":"Salaberria Erruberak S.L.L.","description":"Neum\u00e1ticos y mec\u00e1nica r\u00e1pida","publisher":{"@id":"https:\/\/salaberriaerruberak.com\/#organization"},"potentialAction":[{"@type":"SearchAction","target":{"@type":"EntryPoint","urlTemplate":"https:\/\/salaberriaerruberak.com\/?s={search_term_string}"},"query-input":{"@type":"PropertyValueSpecification","valueRequired":true,"valueName":"search_term_string"}}],"inLanguage":"eu"},{"@type":"Organization","@id":"https:\/\/salaberriaerruberak.com\/#organization","name":"Salaberria Erruberak S.L.L.","url":"https:\/\/salaberriaerruberak.com\/","logo":{"@type":"ImageObject","inLanguage":"eu","@id":"https:\/\/salaberriaerruberak.com\/#\/schema\/logo\/image\/","url":"https:\/\/salaberriaerruberak.com\/wp-content\/uploads\/2024\/05\/cropped-299986860_375752904731650_8958695722420010500_n.jpg","contentUrl":"https:\/\/salaberriaerruberak.com\/wp-content\/uploads\/2024\/05\/cropped-299986860_375752904731650_8958695722420010500_n.jpg","width":595,"height":595,"caption":"Salaberria Erruberak S.L.L."},"image":{"@id":"https:\/\/salaberriaerruberak.com\/#\/schema\/logo\/image\/"}}]}},"_links":{"self":[{"href":"https:\/\/salaberriaerruberak.com\/eu\/wp-json\/wp\/v2\/pages\/2","targetHints":{"allow":["GET"]}}],"collection":[{"href":"https:\/\/salaberriaerruberak.com\/eu\/wp-json\/wp\/v2\/pages"}],"about":[{"href":"https:\/\/salaberriaerruberak.com\/eu\/wp-json\/wp\/v2\/types\/page"}],"author":[{"embeddable":true,"href":"https:\/\/salaberriaerruberak.com\/eu\/wp-json\/wp\/v2\/users\/1"}],"replies":[{"embeddable":true,"href":"https:\/\/salaberriaerruberak.com\/eu\/wp-json\/wp\/v2\/comments?post=2"}],"version-history":[{"count":109,"href":"https:\/\/salaberriaerruberak.com\/eu\/wp-json\/wp\/v2\/pages\/2\/revisions"}],"predecessor-version":[{"id":536,"href":"https:\/\/salaberriaerruberak.com\/eu\/wp-json\/wp\/v2\/pages\/2\/revisions\/536"}],"wp:attachment":[{"href":"https:\/\/salaberriaerruberak.com\/eu\/wp-json\/wp\/v2\/media?parent=2"}],"curies":[{"name":"wp","href":"https:\/\/api.w.org\/{rel}","templated":true}]}}